{"id":75,"date":"2019-09-04T16:58:05","date_gmt":"2019-09-04T16:58:05","guid":{"rendered":"https:\/\/eterika-cosmetics.com\/cz\/cart\/"},"modified":"2023-05-15T17:38:32","modified_gmt":"2023-05-15T15:38:32","slug":"cart","status":"publish","type":"page","link":"https:\/\/eterika-cosmetics.com\/cz\/cart\/","title":{"rendered":"Cart"},"content":{"rendered":"\t\t<div data-elementor-type=\"wp-post\" data-elementor-id=\"75\" class=\"elementor elementor-75\" data-elementor-post-type=\"page\">\n\t\t\t\t\t\t<section class=\"elementor-section elementor-top-section elementor-element elementor-element-61c1c2a7 elementor-section-boxed elementor-section-height-default elementor-section-height-default\" data-id=\"61c1c2a7\" data-element_type=\"section\" data-e-type=\"section\">\n\t\t\t\t\t\t<div class=\"elementor-container elementor-column-gap-no\">\n\t\t\t\t\t<div class=\"elementor-column elementor-col-100 elementor-top-column elementor-element elementor-element-6e8dcea\" data-id=\"6e8dcea\" data-element_type=\"column\" data-e-type=\"column\">\n\t\t\t<div class=\"elementor-widget-wrap elementor-element-populated\">\n\t\t\t\t\t\t<div class=\"elementor-element elementor-element-73a1049d elementor-widget elementor-widget-text-editor\" data-id=\"73a1049d\" data-element_type=\"widget\" data-e-type=\"widget\" data-widget_type=\"text-editor.default\">\n\t\t\t\t<div class=\"elementor-widget-container\">\n\t\t\t\t\t\t\t\t\t\t\t\t\t\t\t\t\t<\/div>\n\t\t\t\t<\/div>\n\t\t\t\t\t<\/div>\n\t\t<\/div>\n\t\t\t\t\t<\/div>\n\t\t<\/section>\n\t\t\t\t<\/div>\n\t\t","protected":false},"excerpt":{"rendered":"","protected":false},"author":1,"featured_media":0,"parent":0,"menu_order":0,"comment_status":"closed","ping_status":"closed","template":"","meta":{"site-sidebar-layout":"default","site-content-layout":"","ast-site-content-layout":"default","site-content-style":"default","site-sidebar-style":"default","ast-global-header-display":"","ast-banner-title-visibility":"","ast-main-header-display":"","ast-hfb-above-header-display":"","ast-hfb-below-header-display":"","ast-hfb-mobile-header-display":"","site-post-title":"","ast-breadcrumbs-content":"","ast-featured-img":"","footer-sml-layout":"","ast-disable-related-posts":"","theme-transparent-header-meta":"","adv-header-id-meta":"","stick-header-meta":"","header-above-stick-meta":"","header-main-stick-meta":"","header-below-stick-meta":"","astra-migrate-meta-layouts":"default","ast-page-background-enabled":"default","ast-page-background-meta":{"desktop":{"background-color":"var(--ast-global-color-4)","background-image":"","background-repeat":"repeat","background-position":"center center","background-size":"auto","background-attachment":"scroll","background-type":"","background-media":"","overlay-type":"","overlay-color":"","overlay-opacity":"","overlay-gradient":""},"tablet":{"background-color":"","background-image":"","background-repeat":"repeat","background-position":"center center","background-size":"auto","background-attachment":"scroll","background-type":"","background-media":"","overlay-type":"","overlay-color":"","overlay-opacity":"","overlay-gradient":""},"mobile":{"background-color":"","background-image":"","background-repeat":"repeat","background-position":"center center","background-size":"auto","background-attachment":"scroll","background-type":"","background-media":"","overlay-type":"","overlay-color":"","overlay-opacity":"","overlay-gradient":""}},"ast-content-background-meta":{"desktop":{"background-color":"var(--ast-global-color-5)","background-image":"","background-repeat":"repeat","background-position":"center center","background-size":"auto","background-attachment":"scroll","background-type":"","background-media":"","overlay-type":"","overlay-color":"","overlay-opacity":"","overlay-gradient":""},"tablet":{"background-color":"var(--ast-global-color-5)","background-image":"","background-repeat":"repeat","background-position":"center center","background-size":"auto","background-attachment":"scroll","background-type":"","background-media":"","overlay-type":"","overlay-color":"","overlay-opacity":"","overlay-gradient":""},"mobile":{"background-color":"var(--ast-global-color-5)","background-image":"","background-repeat":"repeat","background-position":"center center","background-size":"auto","background-attachment":"scroll","background-type":"","background-media":"","overlay-type":"","overlay-color":"","overlay-opacity":"","overlay-gradient":""}},"footnotes":""},"class_list":["post-75","page","type-page","status-publish","hentry"],"yoast_head":"<!-- This site is optimized with the Yoast SEO plugin v27.2 - https:\/\/yoast.com\/product\/yoast-seo-wordpress\/ -->\n<title>Cart - Eterika Cosmetics<\/title>\n<meta name=\"robots\" content=\"index, follow, max-snippet:-1, max-image-preview:large, max-video-preview:-1\" \/>\n<link rel=\"canonical\" href=\"https:\/\/eterika-cosmetics.com\/cz\/cart\/\" \/>\n<meta property=\"og:locale\" content=\"cs_CZ\" \/>\n<meta property=\"og:type\" content=\"article\" \/>\n<meta property=\"og:title\" content=\"Cart - Eterika Cosmetics\" \/>\n<meta property=\"og:url\" content=\"https:\/\/eterika-cosmetics.com\/cz\/cart\/\" \/>\n<meta property=\"og:site_name\" content=\"Eterika Cosmetics\" \/>\n<meta property=\"article:modified_time\" content=\"2023-05-15T15:38:32+00:00\" \/>\n<meta name=\"twitter:card\" content=\"summary_large_image\" \/>\n<meta name=\"twitter:label1\" content=\"Odhadovan\u00e1 doba \u010dten\u00ed\" \/>\n\t<meta name=\"twitter:data1\" content=\"1 minuta\" \/>\n<script type=\"application\/ld+json\" class=\"yoast-schema-graph\">{\"@context\":\"https:\/\/schema.org\",\"@graph\":[{\"@type\":\"WebPage\",\"@id\":\"https:\/\/eterika-cosmetics.com\/cz\/cart\/\",\"url\":\"https:\/\/eterika-cosmetics.com\/cz\/cart\/\",\"name\":\"Cart - Eterika Cosmetics\",\"isPartOf\":{\"@id\":\"https:\/\/eterika-cosmetics.com\/cz\/#website\"},\"datePublished\":\"2019-09-04T16:58:05+00:00\",\"dateModified\":\"2023-05-15T15:38:32+00:00\",\"breadcrumb\":{\"@id\":\"https:\/\/eterika-cosmetics.com\/cz\/cart\/#breadcrumb\"},\"inLanguage\":\"cs\",\"potentialAction\":[{\"@type\":\"ReadAction\",\"target\":[\"https:\/\/eterika-cosmetics.com\/cz\/cart\/\"]}]},{\"@type\":\"BreadcrumbList\",\"@id\":\"https:\/\/eterika-cosmetics.com\/cz\/cart\/#breadcrumb\",\"itemListElement\":[{\"@type\":\"ListItem\",\"position\":1,\"name\":\"Home\",\"item\":\"https:\/\/eterika-cosmetics.com\/cz\/\"},{\"@type\":\"ListItem\",\"position\":2,\"name\":\"Cart\"}]},{\"@type\":\"WebSite\",\"@id\":\"https:\/\/eterika-cosmetics.com\/cz\/#website\",\"url\":\"https:\/\/eterika-cosmetics.com\/cz\/\",\"name\":\"Eterika Cosmetics\",\"description\":\"Handmade Natural Cosmetics\",\"publisher\":{\"@id\":\"https:\/\/eterika-cosmetics.com\/cz\/#organization\"},\"potentialAction\":[{\"@type\":\"SearchAction\",\"target\":{\"@type\":\"EntryPoint\",\"urlTemplate\":\"https:\/\/eterika-cosmetics.com\/cz\/?s={search_term_string}\"},\"query-input\":{\"@type\":\"PropertyValueSpecification\",\"valueRequired\":true,\"valueName\":\"search_term_string\"}}],\"inLanguage\":\"cs\"},{\"@type\":\"Organization\",\"@id\":\"https:\/\/eterika-cosmetics.com\/cz\/#organization\",\"name\":\"Eterika Cosmetics\",\"url\":\"https:\/\/eterika-cosmetics.com\/cz\/\",\"logo\":{\"@type\":\"ImageObject\",\"inLanguage\":\"cs\",\"@id\":\"https:\/\/eterika-cosmetics.com\/cz\/#\/schema\/logo\/image\/\",\"url\":\"https:\/\/eterika-cosmetics.com\/cz\/wp-content\/uploads\/2021\/01\/Eterika-Logo-nov-White-1.png\",\"contentUrl\":\"https:\/\/eterika-cosmetics.com\/cz\/wp-content\/uploads\/2021\/01\/Eterika-Logo-nov-White-1.png\",\"width\":480,\"height\":150,\"caption\":\"Eterika Cosmetics\"},\"image\":{\"@id\":\"https:\/\/eterika-cosmetics.com\/cz\/#\/schema\/logo\/image\/\"}}]}<\/script>\n<!-- \/ Yoast SEO plugin. -->","yoast_head_json":{"title":"Cart - Eterika Cosmetics","robots":{"index":"index","follow":"follow","max-snippet":"max-snippet:-1","max-image-preview":"max-image-preview:large","max-video-preview":"max-video-preview:-1"},"canonical":"https:\/\/eterika-cosmetics.com\/cz\/cart\/","og_locale":"cs_CZ","og_type":"article","og_title":"Cart - Eterika Cosmetics","og_url":"https:\/\/eterika-cosmetics.com\/cz\/cart\/","og_site_name":"Eterika Cosmetics","article_modified_time":"2023-05-15T15:38:32+00:00","twitter_card":"summary_large_image","twitter_misc":{"Odhadovan\u00e1 doba \u010dten\u00ed":"1 minuta"},"schema":{"@context":"https:\/\/schema.org","@graph":[{"@type":"WebPage","@id":"https:\/\/eterika-cosmetics.com\/cz\/cart\/","url":"https:\/\/eterika-cosmetics.com\/cz\/cart\/","name":"Cart - Eterika Cosmetics","isPartOf":{"@id":"https:\/\/eterika-cosmetics.com\/cz\/#website"},"datePublished":"2019-09-04T16:58:05+00:00","dateModified":"2023-05-15T15:38:32+00:00","breadcrumb":{"@id":"https:\/\/eterika-cosmetics.com\/cz\/cart\/#breadcrumb"},"inLanguage":"cs","potentialAction":[{"@type":"ReadAction","target":["https:\/\/eterika-cosmetics.com\/cz\/cart\/"]}]},{"@type":"BreadcrumbList","@id":"https:\/\/eterika-cosmetics.com\/cz\/cart\/#breadcrumb","itemListElement":[{"@type":"ListItem","position":1,"name":"Home","item":"https:\/\/eterika-cosmetics.com\/cz\/"},{"@type":"ListItem","position":2,"name":"Cart"}]},{"@type":"WebSite","@id":"https:\/\/eterika-cosmetics.com\/cz\/#website","url":"https:\/\/eterika-cosmetics.com\/cz\/","name":"Eterika Cosmetics","description":"Handmade Natural Cosmetics","publisher":{"@id":"https:\/\/eterika-cosmetics.com\/cz\/#organization"},"potentialAction":[{"@type":"SearchAction","target":{"@type":"EntryPoint","urlTemplate":"https:\/\/eterika-cosmetics.com\/cz\/?s={search_term_string}"},"query-input":{"@type":"PropertyValueSpecification","valueRequired":true,"valueName":"search_term_string"}}],"inLanguage":"cs"},{"@type":"Organization","@id":"https:\/\/eterika-cosmetics.com\/cz\/#organization","name":"Eterika Cosmetics","url":"https:\/\/eterika-cosmetics.com\/cz\/","logo":{"@type":"ImageObject","inLanguage":"cs","@id":"https:\/\/eterika-cosmetics.com\/cz\/#\/schema\/logo\/image\/","url":"https:\/\/eterika-cosmetics.com\/cz\/wp-content\/uploads\/2021\/01\/Eterika-Logo-nov-White-1.png","contentUrl":"https:\/\/eterika-cosmetics.com\/cz\/wp-content\/uploads\/2021\/01\/Eterika-Logo-nov-White-1.png","width":480,"height":150,"caption":"Eterika Cosmetics"},"image":{"@id":"https:\/\/eterika-cosmetics.com\/cz\/#\/schema\/logo\/image\/"}}]}},"_links":{"self":[{"href":"https:\/\/eterika-cosmetics.com\/cz\/wp-json\/wp\/v2\/pages\/75","targetHints":{"allow":["GET"]}}],"collection":[{"href":"https:\/\/eterika-cosmetics.com\/cz\/wp-json\/wp\/v2\/pages"}],"about":[{"href":"https:\/\/eterika-cosmetics.com\/cz\/wp-json\/wp\/v2\/types\/page"}],"author":[{"embeddable":true,"href":"https:\/\/eterika-cosmetics.com\/cz\/wp-json\/wp\/v2\/users\/1"}],"replies":[{"embeddable":true,"href":"https:\/\/eterika-cosmetics.com\/cz\/wp-json\/wp\/v2\/comments?post=75"}],"version-history":[{"count":2,"href":"https:\/\/eterika-cosmetics.com\/cz\/wp-json\/wp\/v2\/pages\/75\/revisions"}],"predecessor-version":[{"id":7522,"href":"https:\/\/eterika-cosmetics.com\/cz\/wp-json\/wp\/v2\/pages\/75\/revisions\/7522"}],"wp:attachment":[{"href":"https:\/\/eterika-cosmetics.com\/cz\/wp-json\/wp\/v2\/media?parent=75"}],"curies":[{"name":"wp","href":"https:\/\/api.w.org\/{rel}","templated":true}]}}