{"id":396,"date":"2019-09-08T09:22:06","date_gmt":"2019-09-08T09:22:06","guid":{"rendered":"https:\/\/eterika-cosmetics.com\/cz\/?page_id=396"},"modified":"2021-01-28T19:38:22","modified_gmt":"2021-01-28T18:38:22","slug":"company","status":"publish","type":"page","link":"https:\/\/eterika-cosmetics.com\/cz\/company\/","title":{"rendered":"O spole\u010dnosti"},"content":{"rendered":"\n<p class=\"has-very-dark-gray-color has-text-color has-normal-font-size\">Eterika Cosmetics d.o.o.<br>\u010cufarjeva ulica 3<br>1230 Dom\u017eale<br>Slovenia &#8211; Europe<\/p>\n\n\n\n<p class=\"has-very-dark-gray-color has-text-color has-normal-font-size\">I\u010cO: 8224218000<br>DI\u010c: SI 51611791<br>N\u00e1zev banky: DELAVSKA HRANILNICA d.d.<\/p>\n\n\n\n<p class=\"has-very-dark-gray-color has-text-color has-normal-font-size\">Kontaktujte n\u00e1s:\u00a0info@eterika-cosmetics.com<\/p>\n","protected":false},"excerpt":{"rendered":"<p>Eterika Cosmetics d.o.o.\u010cufarjeva ulica 31230 Dom\u017ealeSlovenia &#8211; Europe I\u010cO: 8224218000DI\u010c: SI 51611791N\u00e1zev banky: DELAVSKA HRANILNICA d.d. Kontaktujte n\u00e1s:\u00a0info@eterika-cosmetics.com<\/p>\n","protected":false},"author":1,"featured_media":0,"parent":0,"menu_order":0,"comment_status":"closed","ping_status":"closed","template":"page-blank-title-center.php","meta":{"site-sidebar-layout":"default","site-content-layout":"","ast-site-content-layout":"default","site-content-style":"default","site-sidebar-style":"default","ast-global-header-display":"","ast-banner-title-visibility":"","ast-main-header-display":"","ast-hfb-above-header-display":"","ast-hfb-below-header-display":"","ast-hfb-mobile-header-display":"","site-post-title":"","ast-breadcrumbs-content":"","ast-featured-img":"","footer-sml-layout":"","ast-disable-related-posts":"","theme-transparent-header-meta":"","adv-header-id-meta":"","stick-header-meta":"","header-above-stick-meta":"","header-main-stick-meta":"","header-below-stick-meta":"","astra-migrate-meta-layouts":"default","ast-page-background-enabled":"default","ast-page-background-meta":{"desktop":{"background-color":"var(--ast-global-color-4)","background-image":"","background-repeat":"repeat","background-position":"center center","background-size":"auto","background-attachment":"scroll","background-type":"","background-media":"","overlay-type":"","overlay-color":"","overlay-opacity":"","overlay-gradient":""},"tablet":{"background-color":"","background-image":"","background-repeat":"repeat","background-position":"center center","background-size":"auto","background-attachment":"scroll","background-type":"","background-media":"","overlay-type":"","overlay-color":"","overlay-opacity":"","overlay-gradient":""},"mobile":{"background-color":"","background-image":"","background-repeat":"repeat","background-position":"center center","background-size":"auto","background-attachment":"scroll","background-type":"","background-media":"","overlay-type":"","overlay-color":"","overlay-opacity":"","overlay-gradient":""}},"ast-content-background-meta":{"desktop":{"background-color":"var(--ast-global-color-5)","background-image":"","background-repeat":"repeat","background-position":"center center","background-size":"auto","background-attachment":"scroll","background-type":"","background-media":"","overlay-type":"","overlay-color":"","overlay-opacity":"","overlay-gradient":""},"tablet":{"background-color":"var(--ast-global-color-5)","background-image":"","background-repeat":"repeat","background-position":"center center","background-size":"auto","background-attachment":"scroll","background-type":"","background-media":"","overlay-type":"","overlay-color":"","overlay-opacity":"","overlay-gradient":""},"mobile":{"background-color":"var(--ast-global-color-5)","background-image":"","background-repeat":"repeat","background-position":"center center","background-size":"auto","background-attachment":"scroll","background-type":"","background-media":"","overlay-type":"","overlay-color":"","overlay-opacity":"","overlay-gradient":""}},"footnotes":""},"class_list":["post-396","page","type-page","status-publish","hentry"],"yoast_head":"<!-- This site is optimized with the Yoast SEO plugin v27.2 - https:\/\/yoast.com\/product\/yoast-seo-wordpress\/ -->\n<title>O spole\u010dnosti - Eterika Cosmetics<\/title>\n<meta name=\"robots\" content=\"index, follow, max-snippet:-1, max-image-preview:large, max-video-preview:-1\" \/>\n<link rel=\"canonical\" href=\"https:\/\/eterika-cosmetics.com\/cz\/company\/\" \/>\n<meta property=\"og:locale\" content=\"cs_CZ\" \/>\n<meta property=\"og:type\" content=\"article\" \/>\n<meta property=\"og:title\" content=\"O spole\u010dnosti - Eterika Cosmetics\" \/>\n<meta property=\"og:description\" content=\"Eterika Cosmetics d.o.o.\u010cufarjeva ulica 31230 Dom\u017ealeSlovenia &#8211; Europe I\u010cO: 8224218000DI\u010c: SI 51611791N\u00e1zev banky: DELAVSKA HRANILNICA d.d. Kontaktujte n\u00e1s:\u00a0info@eterika-cosmetics.com\" \/>\n<meta property=\"og:url\" content=\"https:\/\/eterika-cosmetics.com\/cz\/company\/\" \/>\n<meta property=\"og:site_name\" content=\"Eterika Cosmetics\" \/>\n<meta property=\"article:modified_time\" content=\"2021-01-28T18:38:22+00:00\" \/>\n<meta name=\"twitter:card\" content=\"summary_large_image\" \/>\n<script type=\"application\/ld+json\" class=\"yoast-schema-graph\">{\"@context\":\"https:\/\/schema.org\",\"@graph\":[{\"@type\":\"WebPage\",\"@id\":\"https:\/\/eterika-cosmetics.com\/cz\/company\/\",\"url\":\"https:\/\/eterika-cosmetics.com\/cz\/company\/\",\"name\":\"O spole\u010dnosti - Eterika Cosmetics\",\"isPartOf\":{\"@id\":\"https:\/\/eterika-cosmetics.com\/cz\/#website\"},\"datePublished\":\"2019-09-08T09:22:06+00:00\",\"dateModified\":\"2021-01-28T18:38:22+00:00\",\"breadcrumb\":{\"@id\":\"https:\/\/eterika-cosmetics.com\/cz\/company\/#breadcrumb\"},\"inLanguage\":\"cs\",\"potentialAction\":[{\"@type\":\"ReadAction\",\"target\":[\"https:\/\/eterika-cosmetics.com\/cz\/company\/\"]}]},{\"@type\":\"BreadcrumbList\",\"@id\":\"https:\/\/eterika-cosmetics.com\/cz\/company\/#breadcrumb\",\"itemListElement\":[{\"@type\":\"ListItem\",\"position\":1,\"name\":\"Home\",\"item\":\"https:\/\/eterika-cosmetics.com\/cz\/\"},{\"@type\":\"ListItem\",\"position\":2,\"name\":\"O spole\u010dnosti\"}]},{\"@type\":\"WebSite\",\"@id\":\"https:\/\/eterika-cosmetics.com\/cz\/#website\",\"url\":\"https:\/\/eterika-cosmetics.com\/cz\/\",\"name\":\"Eterika Cosmetics\",\"description\":\"Handmade Natural Cosmetics\",\"publisher\":{\"@id\":\"https:\/\/eterika-cosmetics.com\/cz\/#organization\"},\"potentialAction\":[{\"@type\":\"SearchAction\",\"target\":{\"@type\":\"EntryPoint\",\"urlTemplate\":\"https:\/\/eterika-cosmetics.com\/cz\/?s={search_term_string}\"},\"query-input\":{\"@type\":\"PropertyValueSpecification\",\"valueRequired\":true,\"valueName\":\"search_term_string\"}}],\"inLanguage\":\"cs\"},{\"@type\":\"Organization\",\"@id\":\"https:\/\/eterika-cosmetics.com\/cz\/#organization\",\"name\":\"Eterika Cosmetics\",\"url\":\"https:\/\/eterika-cosmetics.com\/cz\/\",\"logo\":{\"@type\":\"ImageObject\",\"inLanguage\":\"cs\",\"@id\":\"https:\/\/eterika-cosmetics.com\/cz\/#\/schema\/logo\/image\/\",\"url\":\"https:\/\/eterika-cosmetics.com\/cz\/wp-content\/uploads\/2021\/01\/Eterika-Logo-nov-White-1.png\",\"contentUrl\":\"https:\/\/eterika-cosmetics.com\/cz\/wp-content\/uploads\/2021\/01\/Eterika-Logo-nov-White-1.png\",\"width\":480,\"height\":150,\"caption\":\"Eterika Cosmetics\"},\"image\":{\"@id\":\"https:\/\/eterika-cosmetics.com\/cz\/#\/schema\/logo\/image\/\"}}]}<\/script>\n<!-- \/ Yoast SEO plugin. -->","yoast_head_json":{"title":"O spole\u010dnosti - Eterika Cosmetics","robots":{"index":"index","follow":"follow","max-snippet":"max-snippet:-1","max-image-preview":"max-image-preview:large","max-video-preview":"max-video-preview:-1"},"canonical":"https:\/\/eterika-cosmetics.com\/cz\/company\/","og_locale":"cs_CZ","og_type":"article","og_title":"O spole\u010dnosti - Eterika Cosmetics","og_description":"Eterika Cosmetics d.o.o.\u010cufarjeva ulica 31230 Dom\u017ealeSlovenia &#8211; Europe I\u010cO: 8224218000DI\u010c: SI 51611791N\u00e1zev banky: DELAVSKA HRANILNICA d.d. Kontaktujte n\u00e1s:\u00a0info@eterika-cosmetics.com","og_url":"https:\/\/eterika-cosmetics.com\/cz\/company\/","og_site_name":"Eterika Cosmetics","article_modified_time":"2021-01-28T18:38:22+00:00","twitter_card":"summary_large_image","schema":{"@context":"https:\/\/schema.org","@graph":[{"@type":"WebPage","@id":"https:\/\/eterika-cosmetics.com\/cz\/company\/","url":"https:\/\/eterika-cosmetics.com\/cz\/company\/","name":"O spole\u010dnosti - Eterika Cosmetics","isPartOf":{"@id":"https:\/\/eterika-cosmetics.com\/cz\/#website"},"datePublished":"2019-09-08T09:22:06+00:00","dateModified":"2021-01-28T18:38:22+00:00","breadcrumb":{"@id":"https:\/\/eterika-cosmetics.com\/cz\/company\/#breadcrumb"},"inLanguage":"cs","potentialAction":[{"@type":"ReadAction","target":["https:\/\/eterika-cosmetics.com\/cz\/company\/"]}]},{"@type":"BreadcrumbList","@id":"https:\/\/eterika-cosmetics.com\/cz\/company\/#breadcrumb","itemListElement":[{"@type":"ListItem","position":1,"name":"Home","item":"https:\/\/eterika-cosmetics.com\/cz\/"},{"@type":"ListItem","position":2,"name":"O spole\u010dnosti"}]},{"@type":"WebSite","@id":"https:\/\/eterika-cosmetics.com\/cz\/#website","url":"https:\/\/eterika-cosmetics.com\/cz\/","name":"Eterika Cosmetics","description":"Handmade Natural Cosmetics","publisher":{"@id":"https:\/\/eterika-cosmetics.com\/cz\/#organization"},"potentialAction":[{"@type":"SearchAction","target":{"@type":"EntryPoint","urlTemplate":"https:\/\/eterika-cosmetics.com\/cz\/?s={search_term_string}"},"query-input":{"@type":"PropertyValueSpecification","valueRequired":true,"valueName":"search_term_string"}}],"inLanguage":"cs"},{"@type":"Organization","@id":"https:\/\/eterika-cosmetics.com\/cz\/#organization","name":"Eterika Cosmetics","url":"https:\/\/eterika-cosmetics.com\/cz\/","logo":{"@type":"ImageObject","inLanguage":"cs","@id":"https:\/\/eterika-cosmetics.com\/cz\/#\/schema\/logo\/image\/","url":"https:\/\/eterika-cosmetics.com\/cz\/wp-content\/uploads\/2021\/01\/Eterika-Logo-nov-White-1.png","contentUrl":"https:\/\/eterika-cosmetics.com\/cz\/wp-content\/uploads\/2021\/01\/Eterika-Logo-nov-White-1.png","width":480,"height":150,"caption":"Eterika Cosmetics"},"image":{"@id":"https:\/\/eterika-cosmetics.com\/cz\/#\/schema\/logo\/image\/"}}]}},"_links":{"self":[{"href":"https:\/\/eterika-cosmetics.com\/cz\/wp-json\/wp\/v2\/pages\/396","targetHints":{"allow":["GET"]}}],"collection":[{"href":"https:\/\/eterika-cosmetics.com\/cz\/wp-json\/wp\/v2\/pages"}],"about":[{"href":"https:\/\/eterika-cosmetics.com\/cz\/wp-json\/wp\/v2\/types\/page"}],"author":[{"embeddable":true,"href":"https:\/\/eterika-cosmetics.com\/cz\/wp-json\/wp\/v2\/users\/1"}],"replies":[{"embeddable":true,"href":"https:\/\/eterika-cosmetics.com\/cz\/wp-json\/wp\/v2\/comments?post=396"}],"version-history":[{"count":0,"href":"https:\/\/eterika-cosmetics.com\/cz\/wp-json\/wp\/v2\/pages\/396\/revisions"}],"wp:attachment":[{"href":"https:\/\/eterika-cosmetics.com\/cz\/wp-json\/wp\/v2\/media?parent=396"}],"curies":[{"name":"wp","href":"https:\/\/api.w.org\/{rel}","templated":true}]}}