{"id":1987,"date":"2021-01-25T18:02:22","date_gmt":"2021-01-25T17:02:22","guid":{"rendered":"https:\/\/eterika-cosmetics.com\/cz\/?page_id=1987"},"modified":"2021-08-04T19:41:01","modified_gmt":"2021-08-04T17:41:01","slug":"vraceni","status":"publish","type":"page","link":"https:\/\/eterika-cosmetics.com\/cz\/vraceni\/","title":{"rendered":"Vr\u00e1cen\u00ed"},"content":{"rendered":"\n<h3 class=\"wp-block-heading\">Vr\u00e1cen\u00ed<\/h3>\n\n\n\n<p>Kupuj\u00edc\u00ed m\u00e1 pr\u00e1vo odstoupit od smlouvy do 30 dn\u016f od p\u0159ijet\u00ed zbo\u017e\u00ed, a to bez nutnosti uveden\u00ed d\u016fvodu sv\u00e9ho rozhodnut\u00ed.<\/p>\n\n\n\n<p>Kupuj\u00edc\u00ed vr\u00e1t\u00ed zakoupen\u00e9 zbo\u017e\u00ed do 14 dn\u016f od ozn\u00e1men\u00ed odstoupen\u00ed bez n\u00e1hrady. Kupuj\u00edc\u00ed mus\u00ed zam\u00fd\u0161len\u00e9 vr\u00e1cen\u00ed Prod\u00e1vaj\u00edc\u00edmu ozn\u00e1mit p\u00edsemn\u011b na info@eterika-cosmetics.com.<\/p>\n\n\n\n<p>Vracen\u00e9 zbo\u017e\u00ed mus\u00ed b\u00fdt nepo\u0161kozen\u00e9, zabalen\u00e9 v p\u016fvodn\u00edm obalu a obsahovat v\u0161echna p\u0159\u00edslu\u0161enstv\u00ed, v nezm\u011bn\u011bn\u00e9 kvalit\u011b a bez zn\u00e1mek u\u017e\u00edv\u00e1n\u00ed. Povinnou p\u0159\u00edlohou pro vr\u00e1cen\u00ed jsou informace o Kupuj\u00edc\u00edm (jm\u00e9no, adresa, email, kontaktn\u00ed \u010d\u00edslo, \u010d\u00edslo objedn\u00e1vky a \u010d\u00edslo \u00fa\u010dtu pro vr\u00e1cen\u00ed pen\u011bz).<\/p>\n\n\n\n<p>Prod\u00e1vaj\u00edc\u00ed V\u00e1m uhrad\u00ed n\u00e1kupn\u00ed cenu do 14 dn\u016f od p\u0159ijet\u00ed vracen\u00e9ho zbo\u017e\u00ed. N\u00e1klady na dopravu vracen\u00e9ho zbo\u017e\u00ed hrad\u00ed Kupuj\u00edc\u00ed. Prod\u00e1vaj\u00edc\u00ed nep\u0159ij\u00edm\u00e1 z\u00e1silky na dob\u00edrku.<\/p>\n\n\n\n<p>Reklamace zbo\u017e\u00ed po\u0161kozen\u00e9ho b\u011bhem p\u0159epravy jsou zohled\u0148ov\u00e1ny do 7 dn\u016f od doru\u010den\u00ed z\u00e1silky. Pozd\u011bj\u0161\u00ed reklamace Prod\u00e1vaj\u00edc\u00ed nep\u0159ij\u00edm\u00e1. Pokud jsou na produktu viditeln\u00e9 zn\u00e1mky po\u0161kozen\u00ed v dob\u011b p\u0159evzet\u00ed, Kupuj\u00edc\u00ed m\u00e1 pr\u00e1vo z\u00e1silku odm\u00edtnout a kur\u00fdr je povinen u\u010dinit z\u00e1znam o reklamaci po\u0161kozen\u00e9 z\u00e1silky.<\/p>\n\n\n\n<h3 class=\"wp-block-heading\">Z\u00e1ruka<\/h3>\n\n\n\n<p>Prod\u00e1vaj\u00edc\u00ed nab\u00edz\u00ed 24m\u011bs\u00ed\u010dn\u00ed z\u00e1ru\u010dn\u00ed dobu na v\u0161echny produkty.<\/p>\n\n\n\n<p>Kupuj\u00edc\u00ed je opr\u00e1vn\u011bn vr\u00e1tit zbo\u017e\u00ed, pokud nem\u00e1 vlastnosti Prod\u00e1vaj\u00edc\u00edm explicitn\u011b sl\u00edben\u00e9, pokud Prod\u00e1vaj\u00edc\u00ed zaslal nespr\u00e1vn\u00fd produkt, ve \u0161patn\u00e9 kvalit\u011b \u010di barv\u011b nebo pokud se produkt jin\u00fdm zp\u016fsobem li\u0161\u00ed od objedn\u00e1vky Kupuj\u00edc\u00edho. Kupuj\u00edc\u00ed m\u016f\u017ee zbo\u017e\u00ed vr\u00e1tit do 14 dn\u016f ode dne p\u0159ijet\u00ed a m\u016f\u017ee po\u017eadovat okam\u017eitou n\u00e1hradu za bezvadn\u00fd produkt \u010di vr\u00e1cen\u00ed pen\u011bz.<\/p>\n\n\n\n<p>Z\u00e1ruka se nevztahuje na p\u0159\u00edpady:<\/p>\n\n\n\n<ul class=\"wp-block-list\"><li>opot\u0159eben\u00ed v d\u016fsledku u\u017e\u00edv\u00e1n\u00ed<\/li><li>vady zp\u016fsoben\u00e9 nespr\u00e1vn\u00fdm, nevhodn\u00fdm a nedbal\u00fdm u\u017e\u00edv\u00e1n\u00edm<\/li><\/ul>\n\n\n\n<p>V p\u0159\u00edpad\u011b z\u00e1ru\u010dn\u00ed reklamace n\u00e1m pros\u00edm za\u0161lete zbo\u017e\u00ed na adresu Prod\u00e1vaj\u00edc\u00edho.<\/p>\n\n\n\n<p>Bal\u00ed\u010dek mus\u00ed obsahovat informace o Kupuj\u00edc\u00edm: jm\u00e9no a p\u0159\u00edjmen\u00ed, emailov\u00e1 adresa, adresa doru\u010den\u00ed a informaci, zda si Kupuj\u00edc\u00ed p\u0159eje produkt nahradit \u010di vr\u00e1tit.<\/p>\n\n\n\n<p>V p\u0159\u00edpad\u011b, \u017ee Prod\u00e1vaj\u00edc\u00ed ji\u017e zakoupen\u00e9 zbo\u017e\u00ed neprod\u00e1v\u00e1, bude Kupuj\u00edc\u00edmu vr\u00e1cena n\u00e1kupn\u00ed cena nebo zbo\u017e\u00ed bude (po domluv\u011b) nahrazeno zbo\u017e\u00edm srovnateln\u00fdch vlastnost\u00ed.<\/p>\n\n\n\n<p>Prod\u00e1vaj\u00edc\u00ed je povinen reklamaci vy\u0159\u00eddit do 7 pracovn\u00edch dn\u00ed.<\/p>\n","protected":false},"excerpt":{"rendered":"<p>Vr\u00e1cen\u00ed Kupuj\u00edc\u00ed m\u00e1 pr\u00e1vo odstoupit od smlouvy do 30 dn\u016f od p\u0159ijet\u00ed zbo\u017e\u00ed, a to bez nutnosti uveden\u00ed d\u016fvodu sv\u00e9ho rozhodnut\u00ed. Kupuj\u00edc\u00ed vr\u00e1t\u00ed zakoupen\u00e9 zbo\u017e\u00ed do 14 dn\u016f od ozn\u00e1men\u00ed odstoupen\u00ed bez n\u00e1hrady. Kupuj\u00edc\u00ed mus\u00ed zam\u00fd\u0161len\u00e9 vr\u00e1cen\u00ed Prod\u00e1vaj\u00edc\u00edmu ozn\u00e1mit p\u00edsemn\u011b na info@eterika-cosmetics.com. Vracen\u00e9 zbo\u017e\u00ed mus\u00ed b\u00fdt nepo\u0161kozen\u00e9, zabalen\u00e9 v p\u016fvodn\u00edm obalu a obsahovat v\u0161echna p\u0159\u00edslu\u0161enstv\u00ed, [&hellip;]<\/p>\n","protected":false},"author":1,"featured_media":0,"parent":0,"menu_order":0,"comment_status":"closed","ping_status":"closed","template":"page-blank-title-center.php","meta":{"site-sidebar-layout":"default","site-content-layout":"","ast-site-content-layout":"default","site-content-style":"default","site-sidebar-style":"default","ast-global-header-display":"","ast-banner-title-visibility":"","ast-main-header-display":"","ast-hfb-above-header-display":"","ast-hfb-below-header-display":"","ast-hfb-mobile-header-display":"","site-post-title":"","ast-breadcrumbs-content":"","ast-featured-img":"","footer-sml-layout":"","ast-disable-related-posts":"","theme-transparent-header-meta":"","adv-header-id-meta":"","stick-header-meta":"","header-above-stick-meta":"","header-main-stick-meta":"","header-below-stick-meta":"","astra-migrate-meta-layouts":"default","ast-page-background-enabled":"default","ast-page-background-meta":{"desktop":{"background-color":"var(--ast-global-color-4)","background-image":"","background-repeat":"repeat","background-position":"center center","background-size":"auto","background-attachment":"scroll","background-type":"","background-media":"","overlay-type":"","overlay-color":"","overlay-opacity":"","overlay-gradient":""},"tablet":{"background-color":"","background-image":"","background-repeat":"repeat","background-position":"center center","background-size":"auto","background-attachment":"scroll","background-type":"","background-media":"","overlay-type":"","overlay-color":"","overlay-opacity":"","overlay-gradient":""},"mobile":{"background-color":"","background-image":"","background-repeat":"repeat","background-position":"center center","background-size":"auto","background-attachment":"scroll","background-type":"","background-media":"","overlay-type":"","overlay-color":"","overlay-opacity":"","overlay-gradient":""}},"ast-content-background-meta":{"desktop":{"background-color":"var(--ast-global-color-5)","background-image":"","background-repeat":"repeat","background-position":"center center","background-size":"auto","background-attachment":"scroll","background-type":"","background-media":"","overlay-type":"","overlay-color":"","overlay-opacity":"","overlay-gradient":""},"tablet":{"background-color":"var(--ast-global-color-5)","background-image":"","background-repeat":"repeat","background-position":"center center","background-size":"auto","background-attachment":"scroll","background-type":"","background-media":"","overlay-type":"","overlay-color":"","overlay-opacity":"","overlay-gradient":""},"mobile":{"background-color":"var(--ast-global-color-5)","background-image":"","background-repeat":"repeat","background-position":"center center","background-size":"auto","background-attachment":"scroll","background-type":"","background-media":"","overlay-type":"","overlay-color":"","overlay-opacity":"","overlay-gradient":""}},"footnotes":""},"class_list":["post-1987","page","type-page","status-publish","hentry"],"yoast_head":"<!-- This site is optimized with the Yoast SEO plugin v27.2 - https:\/\/yoast.com\/product\/yoast-seo-wordpress\/ -->\n<title>Vr\u00e1cen\u00ed - Eterika Cosmetics<\/title>\n<meta name=\"robots\" content=\"index, follow, max-snippet:-1, max-image-preview:large, max-video-preview:-1\" \/>\n<link rel=\"canonical\" href=\"https:\/\/eterika-cosmetics.com\/cz\/vraceni\/\" \/>\n<meta property=\"og:locale\" content=\"cs_CZ\" \/>\n<meta property=\"og:type\" content=\"article\" \/>\n<meta property=\"og:title\" content=\"Vr\u00e1cen\u00ed - Eterika Cosmetics\" \/>\n<meta property=\"og:description\" content=\"Vr\u00e1cen\u00ed Kupuj\u00edc\u00ed m\u00e1 pr\u00e1vo odstoupit od smlouvy do 30 dn\u016f od p\u0159ijet\u00ed zbo\u017e\u00ed, a to bez nutnosti uveden\u00ed d\u016fvodu sv\u00e9ho rozhodnut\u00ed. Kupuj\u00edc\u00ed vr\u00e1t\u00ed zakoupen\u00e9 zbo\u017e\u00ed do 14 dn\u016f od ozn\u00e1men\u00ed odstoupen\u00ed bez n\u00e1hrady. Kupuj\u00edc\u00ed mus\u00ed zam\u00fd\u0161len\u00e9 vr\u00e1cen\u00ed Prod\u00e1vaj\u00edc\u00edmu ozn\u00e1mit p\u00edsemn\u011b na info@eterika-cosmetics.com. Vracen\u00e9 zbo\u017e\u00ed mus\u00ed b\u00fdt nepo\u0161kozen\u00e9, zabalen\u00e9 v p\u016fvodn\u00edm obalu a obsahovat v\u0161echna p\u0159\u00edslu\u0161enstv\u00ed, [&hellip;]\" \/>\n<meta property=\"og:url\" content=\"https:\/\/eterika-cosmetics.com\/cz\/vraceni\/\" \/>\n<meta property=\"og:site_name\" content=\"Eterika Cosmetics\" \/>\n<meta property=\"article:modified_time\" content=\"2021-08-04T17:41:01+00:00\" \/>\n<meta name=\"twitter:card\" content=\"summary_large_image\" \/>\n<meta name=\"twitter:label1\" content=\"Odhadovan\u00e1 doba \u010dten\u00ed\" \/>\n\t<meta name=\"twitter:data1\" content=\"2 minuty\" \/>\n<script type=\"application\/ld+json\" class=\"yoast-schema-graph\">{\"@context\":\"https:\/\/schema.org\",\"@graph\":[{\"@type\":\"WebPage\",\"@id\":\"https:\/\/eterika-cosmetics.com\/cz\/vraceni\/\",\"url\":\"https:\/\/eterika-cosmetics.com\/cz\/vraceni\/\",\"name\":\"Vr\u00e1cen\u00ed - Eterika Cosmetics\",\"isPartOf\":{\"@id\":\"https:\/\/eterika-cosmetics.com\/cz\/#website\"},\"datePublished\":\"2021-01-25T17:02:22+00:00\",\"dateModified\":\"2021-08-04T17:41:01+00:00\",\"breadcrumb\":{\"@id\":\"https:\/\/eterika-cosmetics.com\/cz\/vraceni\/#breadcrumb\"},\"inLanguage\":\"cs\",\"potentialAction\":[{\"@type\":\"ReadAction\",\"target\":[\"https:\/\/eterika-cosmetics.com\/cz\/vraceni\/\"]}]},{\"@type\":\"BreadcrumbList\",\"@id\":\"https:\/\/eterika-cosmetics.com\/cz\/vraceni\/#breadcrumb\",\"itemListElement\":[{\"@type\":\"ListItem\",\"position\":1,\"name\":\"Home\",\"item\":\"https:\/\/eterika-cosmetics.com\/cz\/\"},{\"@type\":\"ListItem\",\"position\":2,\"name\":\"Vr\u00e1cen\u00ed\"}]},{\"@type\":\"WebSite\",\"@id\":\"https:\/\/eterika-cosmetics.com\/cz\/#website\",\"url\":\"https:\/\/eterika-cosmetics.com\/cz\/\",\"name\":\"Eterika Cosmetics\",\"description\":\"Handmade Natural Cosmetics\",\"publisher\":{\"@id\":\"https:\/\/eterika-cosmetics.com\/cz\/#organization\"},\"potentialAction\":[{\"@type\":\"SearchAction\",\"target\":{\"@type\":\"EntryPoint\",\"urlTemplate\":\"https:\/\/eterika-cosmetics.com\/cz\/?s={search_term_string}\"},\"query-input\":{\"@type\":\"PropertyValueSpecification\",\"valueRequired\":true,\"valueName\":\"search_term_string\"}}],\"inLanguage\":\"cs\"},{\"@type\":\"Organization\",\"@id\":\"https:\/\/eterika-cosmetics.com\/cz\/#organization\",\"name\":\"Eterika Cosmetics\",\"url\":\"https:\/\/eterika-cosmetics.com\/cz\/\",\"logo\":{\"@type\":\"ImageObject\",\"inLanguage\":\"cs\",\"@id\":\"https:\/\/eterika-cosmetics.com\/cz\/#\/schema\/logo\/image\/\",\"url\":\"https:\/\/eterika-cosmetics.com\/cz\/wp-content\/uploads\/2021\/01\/Eterika-Logo-nov-White-1.png\",\"contentUrl\":\"https:\/\/eterika-cosmetics.com\/cz\/wp-content\/uploads\/2021\/01\/Eterika-Logo-nov-White-1.png\",\"width\":480,\"height\":150,\"caption\":\"Eterika Cosmetics\"},\"image\":{\"@id\":\"https:\/\/eterika-cosmetics.com\/cz\/#\/schema\/logo\/image\/\"}}]}<\/script>\n<!-- \/ Yoast SEO plugin. -->","yoast_head_json":{"title":"Vr\u00e1cen\u00ed - Eterika Cosmetics","robots":{"index":"index","follow":"follow","max-snippet":"max-snippet:-1","max-image-preview":"max-image-preview:large","max-video-preview":"max-video-preview:-1"},"canonical":"https:\/\/eterika-cosmetics.com\/cz\/vraceni\/","og_locale":"cs_CZ","og_type":"article","og_title":"Vr\u00e1cen\u00ed - Eterika Cosmetics","og_description":"Vr\u00e1cen\u00ed Kupuj\u00edc\u00ed m\u00e1 pr\u00e1vo odstoupit od smlouvy do 30 dn\u016f od p\u0159ijet\u00ed zbo\u017e\u00ed, a to bez nutnosti uveden\u00ed d\u016fvodu sv\u00e9ho rozhodnut\u00ed. Kupuj\u00edc\u00ed vr\u00e1t\u00ed zakoupen\u00e9 zbo\u017e\u00ed do 14 dn\u016f od ozn\u00e1men\u00ed odstoupen\u00ed bez n\u00e1hrady. Kupuj\u00edc\u00ed mus\u00ed zam\u00fd\u0161len\u00e9 vr\u00e1cen\u00ed Prod\u00e1vaj\u00edc\u00edmu ozn\u00e1mit p\u00edsemn\u011b na info@eterika-cosmetics.com. Vracen\u00e9 zbo\u017e\u00ed mus\u00ed b\u00fdt nepo\u0161kozen\u00e9, zabalen\u00e9 v p\u016fvodn\u00edm obalu a obsahovat v\u0161echna p\u0159\u00edslu\u0161enstv\u00ed, [&hellip;]","og_url":"https:\/\/eterika-cosmetics.com\/cz\/vraceni\/","og_site_name":"Eterika Cosmetics","article_modified_time":"2021-08-04T17:41:01+00:00","twitter_card":"summary_large_image","twitter_misc":{"Odhadovan\u00e1 doba \u010dten\u00ed":"2 minuty"},"schema":{"@context":"https:\/\/schema.org","@graph":[{"@type":"WebPage","@id":"https:\/\/eterika-cosmetics.com\/cz\/vraceni\/","url":"https:\/\/eterika-cosmetics.com\/cz\/vraceni\/","name":"Vr\u00e1cen\u00ed - Eterika Cosmetics","isPartOf":{"@id":"https:\/\/eterika-cosmetics.com\/cz\/#website"},"datePublished":"2021-01-25T17:02:22+00:00","dateModified":"2021-08-04T17:41:01+00:00","breadcrumb":{"@id":"https:\/\/eterika-cosmetics.com\/cz\/vraceni\/#breadcrumb"},"inLanguage":"cs","potentialAction":[{"@type":"ReadAction","target":["https:\/\/eterika-cosmetics.com\/cz\/vraceni\/"]}]},{"@type":"BreadcrumbList","@id":"https:\/\/eterika-cosmetics.com\/cz\/vraceni\/#breadcrumb","itemListElement":[{"@type":"ListItem","position":1,"name":"Home","item":"https:\/\/eterika-cosmetics.com\/cz\/"},{"@type":"ListItem","position":2,"name":"Vr\u00e1cen\u00ed"}]},{"@type":"WebSite","@id":"https:\/\/eterika-cosmetics.com\/cz\/#website","url":"https:\/\/eterika-cosmetics.com\/cz\/","name":"Eterika Cosmetics","description":"Handmade Natural Cosmetics","publisher":{"@id":"https:\/\/eterika-cosmetics.com\/cz\/#organization"},"potentialAction":[{"@type":"SearchAction","target":{"@type":"EntryPoint","urlTemplate":"https:\/\/eterika-cosmetics.com\/cz\/?s={search_term_string}"},"query-input":{"@type":"PropertyValueSpecification","valueRequired":true,"valueName":"search_term_string"}}],"inLanguage":"cs"},{"@type":"Organization","@id":"https:\/\/eterika-cosmetics.com\/cz\/#organization","name":"Eterika Cosmetics","url":"https:\/\/eterika-cosmetics.com\/cz\/","logo":{"@type":"ImageObject","inLanguage":"cs","@id":"https:\/\/eterika-cosmetics.com\/cz\/#\/schema\/logo\/image\/","url":"https:\/\/eterika-cosmetics.com\/cz\/wp-content\/uploads\/2021\/01\/Eterika-Logo-nov-White-1.png","contentUrl":"https:\/\/eterika-cosmetics.com\/cz\/wp-content\/uploads\/2021\/01\/Eterika-Logo-nov-White-1.png","width":480,"height":150,"caption":"Eterika Cosmetics"},"image":{"@id":"https:\/\/eterika-cosmetics.com\/cz\/#\/schema\/logo\/image\/"}}]}},"_links":{"self":[{"href":"https:\/\/eterika-cosmetics.com\/cz\/wp-json\/wp\/v2\/pages\/1987","targetHints":{"allow":["GET"]}}],"collection":[{"href":"https:\/\/eterika-cosmetics.com\/cz\/wp-json\/wp\/v2\/pages"}],"about":[{"href":"https:\/\/eterika-cosmetics.com\/cz\/wp-json\/wp\/v2\/types\/page"}],"author":[{"embeddable":true,"href":"https:\/\/eterika-cosmetics.com\/cz\/wp-json\/wp\/v2\/users\/1"}],"replies":[{"embeddable":true,"href":"https:\/\/eterika-cosmetics.com\/cz\/wp-json\/wp\/v2\/comments?post=1987"}],"version-history":[{"count":0,"href":"https:\/\/eterika-cosmetics.com\/cz\/wp-json\/wp\/v2\/pages\/1987\/revisions"}],"wp:attachment":[{"href":"https:\/\/eterika-cosmetics.com\/cz\/wp-json\/wp\/v2\/media?parent=1987"}],"curies":[{"name":"wp","href":"https:\/\/api.w.org\/{rel}","templated":true}]}}